{"id":1446,"date":"2019-05-20T19:05:34","date_gmt":"2019-05-20T19:05:34","guid":{"rendered":"http:\/\/abcseglarskola.se\/?page_id=1446"},"modified":"2023-02-27T14:54:48","modified_gmt":"2023-02-27T14:54:48","slug":"anmalningsbekraftelse","status":"publish","type":"page","link":"https:\/\/abcseglarskola.se\/en\/anmalningsbekraftelse\/","title":{"rendered":"Anm\u00e4lningsbekr\u00e4ftelse"},"content":{"rendered":"<div data-elementor-type=\"wp-page\" data-elementor-id=\"1446\" class=\"elementor elementor-1446\" data-elementor-post-type=\"page\">\n\t\t\t\t\t\t<section class=\"elementor-section elementor-top-section elementor-element elementor-element-6f17782e elementor-section-boxed elementor-section-height-default elementor-section-height-default\" data-id=\"6f17782e\" data-element_type=\"section\">\n\t\t\t\t\t\t<div class=\"elementor-container elementor-column-gap-default\">\n\t\t\t\t\t<div class=\"elementor-column elementor-col-100 elementor-top-column elementor-element elementor-element-cd726f4\" data-id=\"cd726f4\" data-element_type=\"column\">\n\t\t\t<div class=\"elementor-widget-wrap elementor-element-populated\">\n\t\t\t\t\t\t<div class=\"elementor-element elementor-element-29c9d23 elementor-widget elementor-widget-text-editor\" data-id=\"29c9d23\" data-element_type=\"widget\" data-widget_type=\"text-editor.default\">\n\t\t\t\t<div class=\"elementor-widget-container\">\n\t\t\t\t\t\t\t\t\t<h1 style=\"text-align: center;\">Tack f\u00f6r din bokning med ABC Seglarskola och B\u00e5tskola.\u00a0<\/h1><h6 style=\"text-align: center;\">Bekr\u00e4ftelse p\u00e5 bokningen kommer alldeles strax till din mail, se till att spara p\u00e5 den!<\/h6><p style=\"text-align: center;\">\u00a0<\/p><p>\u00a0<\/p>\t\t\t\t\t\t\t\t<\/div>\n\t\t\t\t<\/div>\n\t\t\t\t\t<\/div>\n\t\t<\/div>\n\t\t\t\t\t<\/div>\n\t\t<\/section>\n\t\t\t\t<section class=\"elementor-section elementor-top-section elementor-element elementor-element-23fe540 elementor-section-boxed elementor-section-height-default elementor-section-height-default\" data-id=\"23fe540\" data-element_type=\"section\" data-settings=\"{&quot;background_background&quot;:&quot;classic&quot;}\">\n\t\t\t\t\t\t<div class=\"elementor-container elementor-column-gap-default\">\n\t\t\t\t\t<div class=\"elementor-column elementor-col-100 elementor-top-column elementor-element elementor-element-d1cbc58\" data-id=\"d1cbc58\" data-element_type=\"column\">\n\t\t\t<div class=\"elementor-widget-wrap elementor-element-populated\">\n\t\t\t\t\t\t<div class=\"elementor-element elementor-element-9dedd4d elementor-widget elementor-widget-image\" data-id=\"9dedd4d\" data-element_type=\"widget\" data-widget_type=\"image.default\">\n\t\t\t\t<div class=\"elementor-widget-container\">\n\t\t\t\t\t\t\t\t\t\t\t\t\t\t\t\t<a href=\"http:\/\/abcseglarskola.se\/en\/\">\n\t\t\t\t\t\t\t<img decoding=\"async\" width=\"300\" height=\"52\" src=\"https:\/\/media.abcseglarskola.se\/2019\/06\/abc_resized-300x52.png\" class=\"attachment-medium size-medium wp-image-1511\" alt=\"\" srcset=\"http:\/\/media.abcseglarskola.se\/2019\/06\/abc_resized-300x52.png 300w, http:\/\/media.abcseglarskola.se\/2019\/06\/abc_resized.png 533w\" sizes=\"(max-width: 300px) 100vw, 300px\" \/>\t\t\t\t\t\t\t\t<\/a>\n\t\t\t\t\t\t\t\t\t\t\t\t\t\t\t<\/div>\n\t\t\t\t<\/div>\n\t\t\t\t<section class=\"elementor-section elementor-inner-section elementor-element elementor-element-3ec5fee elementor-section-boxed elementor-section-height-default elementor-section-height-default\" data-id=\"3ec5fee\" data-element_type=\"section\">\n\t\t\t\t\t\t<div class=\"elementor-container elementor-column-gap-default\">\n\t\t\t\t\t<div class=\"elementor-column elementor-col-50 elementor-inner-column elementor-element elementor-element-59edd9f\" data-id=\"59edd9f\" data-element_type=\"column\">\n\t\t\t<div class=\"elementor-widget-wrap elementor-element-populated\">\n\t\t\t\t\t\t<div class=\"elementor-element elementor-element-1dd0a0f elementor-widget elementor-widget-text-editor\" data-id=\"1dd0a0f\" data-element_type=\"widget\" data-widget_type=\"text-editor.default\">\n\t\t\t\t<div class=\"elementor-widget-container\">\n\t\t\t\t\t\t\t\t\t<p style=\"font-weight: 400; text-align: center;\"><strong>Visiting address: <\/strong>Saltsj\u00f6badsv\u00e4gen 77-79,\u00a0<\/p><p style=\"font-weight: 400; text-align: center;\">13335 Saltsj\u00f6-Duvn\u00e4s<\/p><p style=\"font-weight: 400; text-align: center;\"><strong>Mailing address: <\/strong>Stallv\u00e4gen 1, 13335 Saltsj\u00f6-Duvn\u00e4s\u00a0<\/p>\t\t\t\t\t\t\t\t<\/div>\n\t\t\t\t<\/div>\n\t\t\t\t\t<\/div>\n\t\t<\/div>\n\t\t\t\t<div class=\"elementor-column elementor-col-50 elementor-inner-column elementor-element elementor-element-ea1cdf5\" data-id=\"ea1cdf5\" data-element_type=\"column\">\n\t\t\t<div class=\"elementor-widget-wrap elementor-element-populated\">\n\t\t\t\t\t\t<div class=\"elementor-element elementor-element-8f6832f elementor-widget elementor-widget-text-editor\" data-id=\"8f6832f\" data-element_type=\"widget\" data-widget_type=\"text-editor.default\">\n\t\t\t\t<div class=\"elementor-widget-container\">\n\t\t\t\t\t\t\t\t\t<p>Phone number: 08-7167140<\/p>\n<p>Mobile number:  +46 705 641 620<\/p>\t\t\t\t\t\t\t\t<\/div>\n\t\t\t\t<\/div>\n\t\t\t\t\t<\/div>\n\t\t<\/div>\n\t\t\t\t\t<\/div>\n\t\t<\/section>\n\t\t\t\t<div class=\"elementor-element elementor-element-9f7f8c6 elementor-shape-circle elementor-grid-0 e-grid-align-center elementor-widget elementor-widget-social-icons\" data-id=\"9f7f8c6\" data-element_type=\"widget\" data-widget_type=\"social-icons.default\">\n\t\t\t\t<div class=\"elementor-widget-container\">\n\t\t\t\t\t\t\t<div class=\"elementor-social-icons-wrapper elementor-grid\">\n\t\t\t\t\t\t\t<span class=\"elementor-grid-item\">\n\t\t\t\t\t<a class=\"elementor-icon elementor-social-icon elementor-social-icon-facebook elementor-repeater-item-fa1b6b9\" target=\"_blank\">\n\t\t\t\t\t\t<span class=\"elementor-screen-only\">Facebook<\/span>\n\t\t\t\t\t\t<i class=\"fab fa-facebook\"><\/i>\t\t\t\t\t<\/a>\n\t\t\t\t<\/span>\n\t\t\t\t\t\t\t<span class=\"elementor-grid-item\">\n\t\t\t\t\t<a class=\"elementor-icon elementor-social-icon elementor-social-icon-instagram elementor-repeater-item-8d0c309\" target=\"_blank\">\n\t\t\t\t\t\t<span class=\"elementor-screen-only\">Instagram<\/span>\n\t\t\t\t\t\t<i class=\"fab fa-instagram\"><\/i>\t\t\t\t\t<\/a>\n\t\t\t\t<\/span>\n\t\t\t\t\t<\/div>\n\t\t\t\t\t\t<\/div>\n\t\t\t\t<\/div>\n\t\t\t\t\t<\/div>\n\t\t<\/div>\n\t\t\t\t\t<\/div>\n\t\t<\/section>\n\t\t\t\t<footer class=\"elementor-section elementor-top-section elementor-element elementor-element-e04050a elementor-section-height-min-height elementor-section-content-middle elementor-section-boxed elementor-section-height-default elementor-section-items-middle\" data-id=\"e04050a\" data-element_type=\"section\" data-settings=\"{&quot;background_background&quot;:&quot;classic&quot;}\">\n\t\t\t\t\t\t<div class=\"elementor-container elementor-column-gap-default\">\n\t\t\t\t\t<div class=\"elementor-column elementor-col-50 elementor-top-column elementor-element elementor-element-12765b1\" data-id=\"12765b1\" data-element_type=\"column\">\n\t\t\t<div class=\"elementor-widget-wrap elementor-element-populated\">\n\t\t\t\t\t\t<div class=\"elementor-element elementor-element-dc386e5 elementor-widget elementor-widget-heading\" data-id=\"dc386e5\" data-element_type=\"widget\" data-widget_type=\"heading.default\">\n\t\t\t\t<div class=\"elementor-widget-container\">\n\t\t\t\t\t<h3 class=\"elementor-heading-title elementor-size-default\">\u00a9 All rights reserved<\/h3>\t\t\t\t<\/div>\n\t\t\t\t<\/div>\n\t\t\t\t\t<\/div>\n\t\t<\/div>\n\t\t\t\t<div class=\"elementor-column elementor-col-50 elementor-top-column elementor-element elementor-element-6a446d4\" data-id=\"6a446d4\" data-element_type=\"column\">\n\t\t\t<div class=\"elementor-widget-wrap elementor-element-populated\">\n\t\t\t\t\t\t<div class=\"elementor-element elementor-element-98f0fa5 elementor-widget elementor-widget-heading\" data-id=\"98f0fa5\" data-element_type=\"widget\" data-widget_type=\"heading.default\">\n\t\t\t\t<div class=\"elementor-widget-container\">\n\t\t\t\t\t<h3 class=\"elementor-heading-title elementor-size-default\">Made with \u2764 by We Know IT<\/h3>\t\t\t\t<\/div>\n\t\t\t\t<\/div>\n\t\t\t\t\t<\/div>\n\t\t<\/div>\n\t\t\t\t\t<\/div>\n\t\t<\/footer>\n\t\t\t\t<\/div>","protected":false},"excerpt":{"rendered":"<p>Tack f\u00f6r din bokning med ABC Seglarskola och B\u00e5tskola.\u00a0 Bekr\u00e4ftelse p\u00e5 bokningen kommer alldeles strax till din mail, se till att spara p\u00e5 den! \u00a0 \u00a0 Bes\u00f6ksadress: Saltsj\u00f6badsv\u00e4gen 77-79,\u00a0 13335 Saltsj\u00f6-Duvn\u00e4s Postadress: Stallv\u00e4gen 1, 13335 Saltsj\u00f6-Duvn\u00e4s\u00a0 Telefon: 08-7167140 Mobil: 070-5641620 Facebook Instagram \u00a9 All rights reserved Made with \u2764 by We Know IT<\/p>","protected":false},"author":1,"featured_media":0,"parent":0,"menu_order":0,"comment_status":"closed","ping_status":"closed","template":"elementor_canvas","meta":{"material-hide-sections":[],"footnotes":""},"class_list":["post-1446","page","type-page","status-publish","hentry"],"_links":{"self":[{"href":"https:\/\/abcseglarskola.se\/en\/wp-json\/wp\/v2\/pages\/1446","targetHints":{"allow":["GET"]}}],"collection":[{"href":"https:\/\/abcseglarskola.se\/en\/wp-json\/wp\/v2\/pages"}],"about":[{"href":"https:\/\/abcseglarskola.se\/en\/wp-json\/wp\/v2\/types\/page"}],"author":[{"embeddable":true,"href":"https:\/\/abcseglarskola.se\/en\/wp-json\/wp\/v2\/users\/1"}],"replies":[{"embeddable":true,"href":"https:\/\/abcseglarskola.se\/en\/wp-json\/wp\/v2\/comments?post=1446"}],"version-history":[{"count":55,"href":"https:\/\/abcseglarskola.se\/en\/wp-json\/wp\/v2\/pages\/1446\/revisions"}],"predecessor-version":[{"id":6868,"href":"https:\/\/abcseglarskola.se\/en\/wp-json\/wp\/v2\/pages\/1446\/revisions\/6868"}],"wp:attachment":[{"href":"https:\/\/abcseglarskola.se\/en\/wp-json\/wp\/v2\/media?parent=1446"}],"curies":[{"name":"wp","href":"https:\/\/api.w.org\/{rel}","templated":true}]}}