{"id":1145,"date":"2019-04-23T16:28:30","date_gmt":"2019-04-23T16:28:30","guid":{"rendered":"http:\/\/abcseglarskola.se\/?page_id=1145"},"modified":"2025-01-30T21:47:09","modified_gmt":"2025-01-30T21:47:09","slug":"vagbeskrivning","status":"publish","type":"page","link":"https:\/\/abcseglarskola.se\/en\/vagbeskrivning\/","title":{"rendered":"V\u00e4gbeskrivning"},"content":{"rendered":"<div data-elementor-type=\"wp-page\" data-elementor-id=\"1145\" class=\"elementor elementor-1145\" data-elementor-post-type=\"page\">\n\t\t\t\t\t\t<section class=\"elementor-section elementor-top-section elementor-element elementor-element-7466aaf1 elementor-section-boxed elementor-section-height-default elementor-section-height-default\" data-id=\"7466aaf1\" data-element_type=\"section\">\n\t\t\t\t\t\t<div class=\"elementor-container elementor-column-gap-default\">\n\t\t\t\t\t<div class=\"elementor-column elementor-col-100 elementor-top-column elementor-element elementor-element-31fdbdf5\" data-id=\"31fdbdf5\" data-element_type=\"column\">\n\t\t\t<div class=\"elementor-widget-wrap elementor-element-populated\">\n\t\t\t\t\t\t<div class=\"elementor-element elementor-element-76066fd1 elementor-widget elementor-widget-text-editor\" data-id=\"76066fd1\" data-element_type=\"widget\" data-widget_type=\"text-editor.default\">\n\t\t\t\t<div class=\"elementor-widget-container\">\n\t\t\t\t\t\t\t\t\t<ul><li>T\u00e5g &#8211; Ta Saltsj\u00f6banan fr\u00e5n Slussen, kliv av vid Saltsj\u00f6-Duvn\u00e4s station (ca 10 min). G\u00e5 \u00f6sterut l\u00e4ngs Saltsj\u00f6badsv\u00e4gen mot Saltsj\u00f6baden ca 700 m (5 min) till ABC Marina\/ABC Seglarskola intill Duvn\u00e4sviken.<\/li><li>Buss &#8211; Ta buss 410 fr\u00e5n Slussen, kliv av vid Ringparken i Saltsj\u00f6-Duvn\u00e4s. Promenera nedf\u00f6r Duvn\u00e4sv\u00e4gen ca 200 m till Saltsj\u00f6-Duvn\u00e4s t\u00e5gstation. G\u00e5 sedan \u00f6sterut l\u00e4ngs Saltsj\u00f6badsv\u00e4gen mot Saltsj\u00f6baden ca 700 m (5 min) till ABC Marina\/ABC Seglarskola intill Duvn\u00e4sviken.<\/li><li>Bil &#8211; (Fr\u00e5n Slussen i Stockholm) K\u00f6r motorv\u00e4gen mot Gustavsberg. Ta av h\u00f6ger p\u00e5 motorv\u00e4gen mot Saltsj\u00f6baden. Ta av f\u00f6rsta h\u00f6ger mot Nacka (skyltat mot Nacka Sjukhus, Nacka centrum och Saltsj\u00f6-Duvn\u00e4s) . Ta av f\u00f6rsta h\u00f6ger igen vid en Preem bensinstation och \u00e5k p\u00e5 Vattenverksv\u00e4gen. Ta v\u00e4nster p\u00e5 Saltsj\u00f6badsv\u00e4gen och f\u00f6lj v\u00e4gen f\u00f6rbi Saltsj\u00f6-Duvn\u00e4s. Efter ca 250 m, ta av h\u00f6ger mot Saltsj\u00f6baden\/Fisks\u00e4tra och k\u00f6r l\u00e4ngs med Duvn\u00e4sviken till Saltsj\u00f6badsv\u00e4gen 77-79 d\u00e4r det \u00e4r skyltat med ABC Marina\/ABC Seglarskola l\u00e4ngsmed v\u00e4gen.<\/li><\/ul>\t\t\t\t\t\t\t\t<\/div>\n\t\t\t\t<\/div>\n\t\t\t\t\t<\/div>\n\t\t<\/div>\n\t\t\t\t\t<\/div>\n\t\t<\/section>\n\t\t\t\t<\/div>","protected":false},"excerpt":{"rendered":"<p>T\u00e5g &#8211; Ta Saltsj\u00f6banan fr\u00e5n Slussen, kliv av vid Saltsj\u00f6-Duvn\u00e4s station (ca 10 min). G\u00e5 \u00f6sterut l\u00e4ngs Saltsj\u00f6badsv\u00e4gen mot Saltsj\u00f6baden ca 700 m (5 min) till ABC Marina\/ABC Seglarskola intill Duvn\u00e4sviken. Buss &#8211; Ta buss 410 fr\u00e5n Slussen, kliv av vid Ringparken i Saltsj\u00f6-Duvn\u00e4s. Promenera nedf\u00f6r Duvn\u00e4sv\u00e4gen ca 200 m till Saltsj\u00f6-Duvn\u00e4s t\u00e5gstation. G\u00e5 sedan [&hellip;]<\/p>","protected":false},"author":1,"featured_media":0,"parent":0,"menu_order":0,"comment_status":"closed","ping_status":"closed","template":"","meta":{"material-hide-sections":[],"footnotes":""},"class_list":["post-1145","page","type-page","status-publish","hentry"],"_links":{"self":[{"href":"https:\/\/abcseglarskola.se\/en\/wp-json\/wp\/v2\/pages\/1145","targetHints":{"allow":["GET"]}}],"collection":[{"href":"https:\/\/abcseglarskola.se\/en\/wp-json\/wp\/v2\/pages"}],"about":[{"href":"https:\/\/abcseglarskola.se\/en\/wp-json\/wp\/v2\/types\/page"}],"author":[{"embeddable":true,"href":"https:\/\/abcseglarskola.se\/en\/wp-json\/wp\/v2\/users\/1"}],"replies":[{"embeddable":true,"href":"https:\/\/abcseglarskola.se\/en\/wp-json\/wp\/v2\/comments?post=1145"}],"version-history":[{"count":18,"href":"https:\/\/abcseglarskola.se\/en\/wp-json\/wp\/v2\/pages\/1145\/revisions"}],"predecessor-version":[{"id":8239,"href":"https:\/\/abcseglarskola.se\/en\/wp-json\/wp\/v2\/pages\/1145\/revisions\/8239"}],"wp:attachment":[{"href":"https:\/\/abcseglarskola.se\/en\/wp-json\/wp\/v2\/media?parent=1145"}],"curies":[{"name":"wp","href":"https:\/\/api.w.org\/{rel}","templated":true}]}}